{"id":246,"date":"2026-03-22T17:04:59","date_gmt":"2026-03-22T16:04:59","guid":{"rendered":"https:\/\/web.multistore.hu\/?page_id=246"},"modified":"2026-04-07T06:22:20","modified_gmt":"2026-04-07T04:22:20","slug":"megoldasok","status":"publish","type":"page","link":"https:\/\/web.multistore.hu\/en\/megoldasok\/","title":{"rendered":"Solutions"},"content":{"rendered":"<div data-elementor-type=\"wp-page\" data-elementor-id=\"246\" class=\"elementor elementor-246\">\n\t\t\t\t<div class=\"elementor-element elementor-element-b290a07 e-flex e-con-boxed e-con e-parent\" data-id=\"b290a07\" data-element_type=\"container\" data-e-type=\"container\">\n\t\t\t\t\t<div class=\"e-con-inner\">\n\t\t<div class=\"elementor-element elementor-element-dcc3b88 e-con-full e-flex e-con e-child\" data-id=\"dcc3b88\" data-element_type=\"container\" data-e-type=\"container\">\n\t\t\t\t<div class=\"elementor-element elementor-element-398b2d2 elementor-widget elementor-widget-heading\" data-id=\"398b2d2\" data-element_type=\"widget\" data-e-type=\"widget\" data-widget_type=\"heading.default\">\n\t\t\t\t\t<h2 class=\"elementor-heading-title elementor-size-default\">Smart solutions<\/h2>\t\t\t\t<\/div>\n\t\t\t\t<div class=\"elementor-element elementor-element-8a65cbc elementor-widget elementor-widget-heading\" data-id=\"8a65cbc\" data-element_type=\"widget\" data-e-type=\"widget\" data-widget_type=\"heading.default\">\n\t\t\t\t\t<h5 class=\"elementor-heading-title elementor-size-default\">Vending \u00e9s intelligens automat\u00e1k v\u00e1llalatoknak \u00e9s telep\u00fcl\u00e9seknek, teljes k\u00f6r\u0171 szolg\u00e1ltat\u00e1ssal.<\/h5>\t\t\t\t<\/div>\n\t\t<div class=\"elementor-element elementor-element-c513b05 e-con-full e-flex e-con e-child\" data-id=\"c513b05\" data-element_type=\"container\" data-e-type=\"container\">\n\t\t\t\t<div class=\"elementor-element elementor-element-17582a0 elementor-widget-tablet__width-initial elementor-widget-mobile__width-inherit elementor-widget__width-initial elementor-position-top elementor-widget elementor-widget-image-box\" data-id=\"17582a0\" data-element_type=\"widget\" data-e-type=\"widget\" data-widget_type=\"image-box.default\">\n\t\t\t\t\t<div class=\"elementor-image-box-wrapper\"><figure class=\"elementor-image-box-img\"><img fetchpriority=\"high\" decoding=\"async\" width=\"683\" height=\"600\" src=\"https:\/\/web.multistore.hu\/wp-content\/uploads\/2026\/03\/szurke-03-1.jpg\" class=\"elementor-animation-grow attachment-full size-full wp-image-153\" alt=\"\" srcset=\"https:\/\/web.multistore.hu\/wp-content\/uploads\/2026\/03\/szurke-03-1.jpg 683w, https:\/\/web.multistore.hu\/wp-content\/uploads\/2026\/03\/szurke-03-1-300x264.jpg 300w\" sizes=\"(max-width: 683px) 100vw, 683px\" \/><\/figure><div class=\"elementor-image-box-content\"><h4 class=\"elementor-image-box-title\">Automat\u00e1k c\u00e9geknek<\/h4><p class=\"elementor-image-box-description\">\u00c9tel, Ital \u00e9s Snack automat\u00e1k, automatizalt catering\nmegold\u00e1sok, V\u00e1llalatok, Ipari Parkok \u00e9s K\u00f6z\u00fcletek r\u00e9sz\u00e9re.<\/p><\/div><\/div>\t\t\t\t<\/div>\n\t\t\t\t<div class=\"elementor-element elementor-element-21529ac elementor-widget-tablet__width-initial elementor-widget-mobile__width-inherit elementor-widget__width-initial elementor-position-top elementor-widget elementor-widget-image-box\" data-id=\"21529ac\" data-element_type=\"widget\" data-e-type=\"widget\" data-widget_type=\"image-box.default\">\n\t\t\t\t\t<div class=\"elementor-image-box-wrapper\"><figure class=\"elementor-image-box-img\"><img decoding=\"async\" width=\"683\" height=\"600\" src=\"https:\/\/web.multistore.hu\/wp-content\/uploads\/2026\/03\/szurke-01-1.jpg\" class=\"elementor-animation-grow attachment-full size-full wp-image-151\" alt=\"\" srcset=\"https:\/\/web.multistore.hu\/wp-content\/uploads\/2026\/03\/szurke-01-1.jpg 683w, https:\/\/web.multistore.hu\/wp-content\/uploads\/2026\/03\/szurke-01-1-300x264.jpg 300w\" sizes=\"(max-width: 683px) 100vw, 683px\" \/><\/figure><div class=\"elementor-image-box-content\"><h4 class=\"elementor-image-box-title\">Smart market<\/h4><p class=\"elementor-image-box-description\">Mi hat\u00e9konyabb egy \u00f6nkiszolg\u00e1l\u00f3 p\u00e9nzt\u00e1rn\u00e1l?\nEgy automata \u00e1ruh\u00e1z!<\/p><\/div><\/div>\t\t\t\t<\/div>\n\t\t\t\t<\/div>\n\t\t\t\t<\/div>\n\t\t\t\t\t<\/div>\n\t\t\t\t<\/div>\n\t\t\t\t<\/div>","protected":false},"excerpt":{"rendered":"<p>Okos megold\u00e1sok Vending \u00e9s intelligens automat\u00e1k v\u00e1llalatoknak \u00e9s telep\u00fcl\u00e9seknek, teljes k\u00f6r\u0171 szolg\u00e1ltat\u00e1ssal. Automat\u00e1k c\u00e9geknek \u00c9tel, Ital \u00e9s Snack automat\u00e1k, automatizalt catering megold\u00e1sok, V\u00e1llalatok, Ipari Parkok \u00e9s K\u00f6z\u00fcletek r\u00e9sz\u00e9re. Smart market Mi hat\u00e9konyabb egy \u00f6nkiszolg\u00e1l\u00f3 p\u00e9nzt\u00e1rn\u00e1l? Egy automata \u00e1ruh\u00e1z!<\/p>","protected":false},"author":1,"featured_media":0,"parent":0,"menu_order":0,"comment_status":"closed","ping_status":"closed","template":"","meta":{"footnotes":""},"class_list":["post-246","page","type-page","status-publish","hentry"],"_links":{"self":[{"href":"https:\/\/web.multistore.hu\/en\/wp-json\/wp\/v2\/pages\/246","targetHints":{"allow":["GET"]}}],"collection":[{"href":"https:\/\/web.multistore.hu\/en\/wp-json\/wp\/v2\/pages"}],"about":[{"href":"https:\/\/web.multistore.hu\/en\/wp-json\/wp\/v2\/types\/page"}],"author":[{"embeddable":true,"href":"https:\/\/web.multistore.hu\/en\/wp-json\/wp\/v2\/users\/1"}],"replies":[{"embeddable":true,"href":"https:\/\/web.multistore.hu\/en\/wp-json\/wp\/v2\/comments?post=246"}],"version-history":[{"count":18,"href":"https:\/\/web.multistore.hu\/en\/wp-json\/wp\/v2\/pages\/246\/revisions"}],"predecessor-version":[{"id":926,"href":"https:\/\/web.multistore.hu\/en\/wp-json\/wp\/v2\/pages\/246\/revisions\/926"}],"wp:attachment":[{"href":"https:\/\/web.multistore.hu\/en\/wp-json\/wp\/v2\/media?parent=246"}],"curies":[{"name":"wp","href":"https:\/\/api.w.org\/{rel}","templated":true}]}}